{"id":22343,"date":"2021-09-09T16:19:40","date_gmt":"2021-09-09T14:19:40","guid":{"rendered":"https:\/\/neretvansko-zlato.org\/shop\/?post_type=product&#038;p=22343"},"modified":"2025-11-22T17:30:20","modified_gmt":"2025-11-22T16:30:20","slug":"smokva-0-5kg","status":"publish","type":"product","link":"https:\/\/neretvansko-zlato.org\/shop\/smokva-0-5kg\/","title":{"rendered":"Suha smokva 0.5kg"},"content":{"rendered":"","protected":false},"excerpt":{"rendered":"<p>Plodovi namijenjeni za su\u0161enje moraju biti zdravi, ne smiju biti mokri od ki\u0161e niti vla\u017eni od rose. Beru se sa peteljkom, uglavnom do podne.<\/p>\n","protected":false},"featured_media":15979,"template":"","meta":[],"product_brand":[],"product_cat":[131],"product_tag":[169,86,165,164,168,166,100,99,176,167],"class_list":{"0":"post-22343","1":"product","2":"type-product","3":"status-publish","4":"has-post-thumbnail","6":"product_cat-dodaci-paketu","7":"product_tag-komin","8":"product_tag-mandarina","9":"product_tag-neretva","10":"product_tag-neretvansko-zlato","11":"product_tag-okusi-neretve","12":"product_tag-paket","13":"product_tag-smokva","14":"product_tag-suha-smokva","15":"product_tag-suva-smokva","16":"product_tag-vocni-paket","17":"product_shipping_class-dodaci-paketu","19":"first","20":"instock","21":"sale","22":"shipping-taxable","23":"purchasable","24":"product-type-simple"},"_links":{"self":[{"href":"https:\/\/neretvansko-zlato.org\/shop\/wp-json\/wp\/v2\/product\/22343","targetHints":{"allow":["GET"]}}],"collection":[{"href":"https:\/\/neretvansko-zlato.org\/shop\/wp-json\/wp\/v2\/product"}],"about":[{"href":"https:\/\/neretvansko-zlato.org\/shop\/wp-json\/wp\/v2\/types\/product"}],"wp:featuredmedia":[{"embeddable":true,"href":"https:\/\/neretvansko-zlato.org\/shop\/wp-json\/wp\/v2\/media\/15979"}],"wp:attachment":[{"href":"https:\/\/neretvansko-zlato.org\/shop\/wp-json\/wp\/v2\/media?parent=22343"}],"wp:term":[{"taxonomy":"product_brand","embeddable":true,"href":"https:\/\/neretvansko-zlato.org\/shop\/wp-json\/wp\/v2\/product_brand?post=22343"},{"taxonomy":"product_cat","embeddable":true,"href":"https:\/\/neretvansko-zlato.org\/shop\/wp-json\/wp\/v2\/product_cat?post=22343"},{"taxonomy":"product_tag","embeddable":true,"href":"https:\/\/neretvansko-zlato.org\/shop\/wp-json\/wp\/v2\/product_tag?post=22343"}],"curies":[{"name":"wp","href":"https:\/\/api.w.org\/{rel}","templated":true}]}}