{"id":22344,"date":"2021-09-09T16:21:14","date_gmt":"2021-09-09T14:21:14","guid":{"rendered":"https:\/\/neretvansko-zlato.org\/shop\/?post_type=product&#038;p=22344"},"modified":"2025-11-22T17:29:55","modified_gmt":"2025-11-22T16:29:55","slug":"usecereni-bajami","status":"publish","type":"product","link":"https:\/\/neretvansko-zlato.org\/shop\/usecereni-bajami\/","title":{"rendered":"U\u0161e\u0107ereni bajami 100g"},"content":{"rendered":"","protected":false},"excerpt":{"rendered":"<p>U\u0161e\u0107ereni bajami 100g<\/p>\n","protected":false},"featured_media":30762,"template":"","meta":[],"product_brand":[],"product_cat":[131],"product_tag":[169,86,91,177,165,164,168,166,167],"class_list":{"0":"post-22344","1":"product","2":"type-product","3":"status-publish","4":"has-post-thumbnail","6":"product_cat-dodaci-paketu","7":"product_tag-komin","8":"product_tag-mandarina","9":"product_tag-marmelada","10":"product_tag-marmelada-od-mandarina","11":"product_tag-neretva","12":"product_tag-neretvansko-zlato","13":"product_tag-okusi-neretve","14":"product_tag-paket","15":"product_tag-vocni-paket","16":"product_shipping_class-dodaci-paketu","18":"first","19":"instock","20":"sale","21":"shipping-taxable","22":"purchasable","23":"product-type-simple"},"_links":{"self":[{"href":"https:\/\/neretvansko-zlato.org\/shop\/wp-json\/wp\/v2\/product\/22344","targetHints":{"allow":["GET"]}}],"collection":[{"href":"https:\/\/neretvansko-zlato.org\/shop\/wp-json\/wp\/v2\/product"}],"about":[{"href":"https:\/\/neretvansko-zlato.org\/shop\/wp-json\/wp\/v2\/types\/product"}],"wp:featuredmedia":[{"embeddable":true,"href":"https:\/\/neretvansko-zlato.org\/shop\/wp-json\/wp\/v2\/media\/30762"}],"wp:attachment":[{"href":"https:\/\/neretvansko-zlato.org\/shop\/wp-json\/wp\/v2\/media?parent=22344"}],"wp:term":[{"taxonomy":"product_brand","embeddable":true,"href":"https:\/\/neretvansko-zlato.org\/shop\/wp-json\/wp\/v2\/product_brand?post=22344"},{"taxonomy":"product_cat","embeddable":true,"href":"https:\/\/neretvansko-zlato.org\/shop\/wp-json\/wp\/v2\/product_cat?post=22344"},{"taxonomy":"product_tag","embeddable":true,"href":"https:\/\/neretvansko-zlato.org\/shop\/wp-json\/wp\/v2\/product_tag?post=22344"}],"curies":[{"name":"wp","href":"https:\/\/api.w.org\/{rel}","templated":true}]}}